{"id":566,"date":"2019-05-29T10:32:52","date_gmt":"2019-05-29T15:32:52","guid":{"rendered":"http:\/\/www.innovacomseguros.com\/Site\/?page_id=566"},"modified":"2019-06-14T15:27:11","modified_gmt":"2019-06-14T20:27:11","slug":"sabias-que-esp","status":"publish","type":"page","link":"https:\/\/www.innovacomseguros.com\/Site\/sabias-que-esp\/","title":{"rendered":"Sab\u00edas qu\u00e9&#8230; &#8211; Esp"},"content":{"rendered":"[vc_row full_width=&#8221;stretch_row&#8221; full_height=&#8221;yes&#8221; parallax=&#8221;content-moving&#8221; parallax_image=&#8221;605&#8243; el_id=&#8221;hero_banner&#8221; el_class=&#8221;div_100&#8243;][vc_column][vc_column_text]\n<h1 class=\"texto_01_banner\">Sab\u00edas qu\u00e9&#8230;<\/h1>\n<h3 class=\"texto_02_banner\">Estamos contigo, est\u00e1s protegido!<\/h3>\n<h4><a class=\"btn_01\" href=\"#galeria_blog\" rel=\"m_PageScroll2id\">ver m\u00e1s<\/a><\/h4>\n[\/vc_column_text][\/vc_column][\/vc_row][vc_row full_width=&#8221;stretch_row_content_no_spaces&#8221; equal_height=&#8221;yes&#8221; content_placement=&#8221;top&#8221; el_id=&#8221;blog-galeria&#8221; el_class=&#8221;div_general div_general_03&#8243;][vc_column][vc_basic_grid post_type=&#8221;post&#8221; max_items=&#8221;12&#8243; item=&#8221;615&#8243; initial_loading_animation=&#8221;none&#8221; grid_id=&#8221;vc_gid:1560544000358-30cd3b63-a157-1&#8243; taxonomies=&#8221;89, 91&#8243; el_class=&#8221;div_galeria_blog&#8221;][vc_column_text el_class=&#8221;div_btn_03&#8243;]\n<h4 style=\"text-align: center;\"><a class=\"btn_01\" href=\"#contacto\" rel=\"m_PageScroll2id\">solicitar informaci\u00f3n<\/a><\/h4>\n[\/vc_column_text][\/vc_column][\/vc_row][vc_row full_width=&#8221;stretch_row_content_no_spaces&#8221; el_class=&#8221;div_general div_general_01&#8243; el_id=&#8221;servicios&#8221;][vc_column][vc_column_text el_class=&#8221;titulo_seccion_home&#8221;]\n<h1 class=\"titulo_02\" style=\"color: #fff;\">Servicios<\/h1>\n[\/vc_column_text][vc_row_inner css=&#8221;.vc_custom_1556136877740{margin-bottom: 0px !important;padding-top: 0px !important;padding-right: 0px !important;padding-bottom: 0px !important;padding-left: 0px !important;}&#8221;][vc_column_inner el_class=&#8221;columna_3-3&#8243; width=&#8221;1\/3&#8243;][vc_single_image image=&#8221;89&#8243; img_size=&#8221;full&#8221; alignment=&#8221;center&#8221; onclick=&#8221;custom_link&#8221; link=&#8221;http:\/\/www.innovacomseguros.com\/Site\/seguros-educativos-esp\/&#8221; el_class=&#8221;img_servicios_01&#8243;][vc_column_text]\n<h4 class=\"texto_img_servicios_01\">Seguros educativos<\/h4>\n[\/vc_column_text][\/vc_column_inner][vc_column_inner el_class=&#8221;columna_3-3&#8243; width=&#8221;1\/3&#8243;][vc_single_image image=&#8221;91&#8243; img_size=&#8221;full&#8221; alignment=&#8221;center&#8221; onclick=&#8221;custom_link&#8221; link=&#8221;http:\/\/www.innovacomseguros.com\/Site\/seguros-salud-medicina-prepagada-esp\/&#8221; el_class=&#8221;img_servicios_01&#8243;][vc_column_text]\n<h4 class=\"texto_img_servicios_01\">Seguros de salud y medicina prepagada<\/h4>\n[\/vc_column_text][\/vc_column_inner][vc_column_inner el_class=&#8221;columna_3-3&#8243; width=&#8221;1\/3&#8243;][vc_single_image image=&#8221;92&#8243; img_size=&#8221;full&#8221; alignment=&#8221;center&#8221; onclick=&#8221;custom_link&#8221; link=&#8221;http:\/\/www.innovacomseguros.com\/Site\/seguros-cumplimiento-responsabilidad-civil-esp\/&#8221; el_class=&#8221;img_servicios_01&#8243;][vc_column_text]\n<h4 class=\"texto_img_servicios_01\">Seguros de cumplimiento y responsabilidad civil<\/h4>\n[\/vc_column_text][\/vc_column_inner][\/vc_row_inner][vc_row_inner css=&#8221;.vc_custom_1556136857581{margin-bottom: 0px !important;padding-top: 0px !important;padding-right: 0px !important;padding-bottom: 0px !important;padding-left: 0px !important;}&#8221;][vc_column_inner el_class=&#8221;columna_3-3&#8243; width=&#8221;1\/3&#8243;][vc_single_image image=&#8221;93&#8243; img_size=&#8221;full&#8221; alignment=&#8221;center&#8221; onclick=&#8221;custom_link&#8221; link=&#8221;http:\/\/www.innovacomseguros.com\/Site\/seguros-automoviles-esp\/&#8221; el_class=&#8221;img_servicios_01&#8243;][vc_column_text]\n<h4 class=\"texto_img_servicios_01\">Seguros de autom\u00f3viles<\/h4>\n[\/vc_column_text][\/vc_column_inner][vc_column_inner el_class=&#8221;columna_3-3&#8243; width=&#8221;1\/3&#8243;][vc_single_image image=&#8221;95&#8243; img_size=&#8221;full&#8221; alignment=&#8221;center&#8221; onclick=&#8221;custom_link&#8221; link=&#8221;http:\/\/www.innovacomseguros.com\/Site\/seguros-hogar-esp\/&#8221; el_class=&#8221;img_servicios_01&#8243;][vc_column_text]\n<h4 class=\"texto_img_servicios_01\">Seguros del hogar<\/h4>\n[\/vc_column_text][\/vc_column_inner][vc_column_inner el_class=&#8221;columna_3-3&#8243; width=&#8221;1\/3&#8243;][vc_single_image image=&#8221;74&#8243; img_size=&#8221;full&#8221; alignment=&#8221;center&#8221; onclick=&#8221;custom_link&#8221; link=&#8221;http:\/\/www.innovacomseguros.com\/Site\/seguros-vida-individual-esp\/&#8221; el_class=&#8221;img_servicios_01&#8243;][vc_column_text]\n<h4 class=\"texto_img_servicios_01\">Seguros de vida individual<\/h4>\n[\/vc_column_text][\/vc_column_inner][\/vc_row_inner][vc_column_text el_class=&#8221;div_btn_03&#8243;]\n<h4 style=\"text-align: center;\"><a class=\"btn_01 btn_03\" href=\"#contacto\" rel=\"m_PageScroll2id\">solicitar informaci\u00f3n<\/a><\/h4>\n[\/vc_column_text][\/vc_column][\/vc_row][vc_row full_width=&#8221;stretch_row_content_no_spaces&#8221; el_class=&#8221;div_general&#8221; el_id=&#8221;contacto&#8221;][vc_column][vc_column_text el_class=&#8221;titulo_seccion_home&#8221;]\n<h1 class=\"titulo_02\">Cont\u00e1ctanos<\/h1>\n[\/vc_column_text][vc_row_inner css=&#8221;.vc_custom_1556136877740{margin-bottom: 0px !important;padding-top: 0px !important;padding-right: 0px !important;padding-bottom: 0px !important;padding-left: 0px !important;}&#8221;][vc_column_inner width=&#8221;2\/3&#8243;][vc_column_text]<div role=\"form\" class=\"wpcf7\" id=\"wpcf7-f318-o1\" lang=\"es-ES\" dir=\"ltr\">\n<div class=\"screen-reader-response\"><p role=\"status\" aria-live=\"polite\" aria-atomic=\"true\"><\/p> <ul><\/ul><\/div>\n<form action=\"\/Site\/wp-json\/wp\/v2\/pages\/566#wpcf7-f318-o1\" method=\"post\" class=\"wpcf7-form init\" novalidate=\"novalidate\" data-status=\"init\">\n<div style=\"display: none;\">\n<input type=\"hidden\" name=\"_wpcf7\" value=\"318\" \/>\n<input type=\"hidden\" name=\"_wpcf7_version\" value=\"5.4.1\" \/>\n<input type=\"hidden\" name=\"_wpcf7_locale\" value=\"es_ES\" \/>\n<input type=\"hidden\" name=\"_wpcf7_unit_tag\" value=\"wpcf7-f318-o1\" \/>\n<input type=\"hidden\" name=\"_wpcf7_container_post\" value=\"0\" \/>\n<input type=\"hidden\" name=\"_wpcf7_posted_data_hash\" value=\"\" \/>\n<input type=\"hidden\" name=\"_wpcf7_recaptcha_response\" value=\"\" \/>\n<\/div>\n<div class=\"column one-second\"><span class=\"wpcf7-form-control-wrap your-name\"><input type=\"text\" name=\"your-name\" value=\"\" size=\"100\" class=\"wpcf7-form-control wpcf7-text wpcf7-validates-as-required\" aria-required=\"true\" aria-invalid=\"false\" placeholder=\"Nombre completo*\" \/><\/span> <\/div>\n<div class=\"column one-second\"><span class=\"wpcf7-form-control-wrap tel-406\"><input type=\"tel\" name=\"tel-406\" value=\"\" size=\"100\" class=\"wpcf7-form-control wpcf7-text wpcf7-tel wpcf7-validates-as-tel\" aria-invalid=\"false\" placeholder=\"Tel\u00e9fono fijo o m\u00f3vil\" \/><\/span> <\/div>\n<div class=\"column one-second\"><span class=\"wpcf7-form-control-wrap your-email\"><input type=\"email\" name=\"your-email\" value=\"\" size=\"100\" class=\"wpcf7-form-control wpcf7-text wpcf7-email wpcf7-validates-as-required wpcf7-validates-as-email\" aria-required=\"true\" aria-invalid=\"false\" placeholder=\"Correo electr\u00f3nico*\" \/><\/span> <\/div>\n<div class=\"column one-second\"><span class=\"wpcf7-form-control-wrap your-email02\"><input type=\"email\" name=\"your-email02\" value=\"\" size=\"100\" class=\"wpcf7-form-control wpcf7-text wpcf7-email wpcf7-validates-as-email\" aria-invalid=\"false\" placeholder=\"Otro correo electr\u00f3nico\" \/><\/span> <\/div>\n<div class=\"column one-second\"><span class=\"wpcf7-form-control-wrap your-city\"><input type=\"text\" name=\"your-city\" value=\"\" size=\"100\" class=\"wpcf7-form-control wpcf7-text wpcf7-validates-as-required\" aria-required=\"true\" aria-invalid=\"false\" placeholder=\"Ciudad*\" \/><\/span> <\/div>\n<div class=\"column one-second\"><span class=\"wpcf7-form-control-wrap your-service\"><select name=\"your-service\" class=\"wpcf7-form-control wpcf7-select wpcf7-validates-as-required\" aria-required=\"true\" aria-invalid=\"false\"><option value=\"\">Servicio de su inter\u00e9s*<\/option><option value=\"P\u00f3liza minero ambiental\">P\u00f3liza minero ambiental<\/option><option value=\"Seguros educativos\">Seguros educativos<\/option><option value=\"SOAT\">SOAT<\/option><option value=\"Seguros para veh\u00edculos\">Seguros para veh\u00edculos<\/option><option value=\"Seguros de salud\">Seguros de salud<\/option><option value=\"Seguros hogar\">Seguros hogar<\/option><option value=\"Seguros generales\">Seguros generales<\/option><option value=\"Seguros de vida\">Seguros de vida<\/option><option value=\"Otro servicio\">Otro servicio<\/option><\/select><\/span> <\/div>\n<div class=\"column one\"><span class=\"wpcf7-form-control-wrap your-message\"><textarea name=\"your-message\" cols=\"40\" rows=\"4\" class=\"wpcf7-form-control wpcf7-textarea wpcf7-validates-as-required\" aria-required=\"true\" aria-invalid=\"false\" placeholder=\"Comentarios*\"><\/textarea><\/span><\/div>\n<p style=\"padding: 0 6px 20px; color:#999; font-size:0.8em;\">Los campos marcados(*) son obligatorios. Al enviar este formulario ud acepta la inscripci\u00f3n de su informaci\u00f3n en nuestra base de datos. Nos comprometemos al correcto manejo de sus datos, los cuales solo ser\u00e1n de uso exclusivo de nuestra compa\u00f1\u00eda para la promoci\u00f3n, venta y prestaci\u00f3n de nuestros servicios, atender peticiones y enviar informaci\u00f3n comercial.<\/p>\n<div class=\"column one\"><input type=\"submit\" value=\"ENVIAR\" class=\"wpcf7-form-control wpcf7-submit button_submit\" \/><\/div>\n<div class=\"wpcf7-response-output\" aria-hidden=\"true\"><\/div><\/form><\/div>[\/vc_column_text][\/vc_column_inner][vc_column_inner width=&#8221;1\/3&#8243;][vc_column_text css_animation=&#8221;slideInUp&#8221;]<img loading=\"lazy\" class=\"alignnone size-medium wp-image-368 icono_02\" src=\"http:\/\/www.innovacomseguros.com\/Site\/wp-content\/uploads\/2019\/05\/email-300x300.png\" alt=\"\" width=\"\" height=\"\" srcset=\"https:\/\/www.innovacomseguros.com\/Site\/wp-content\/uploads\/2019\/05\/email-300x300.png 300w, https:\/\/www.innovacomseguros.com\/Site\/wp-content\/uploads\/2019\/05\/email-150x150.png 150w, https:\/\/www.innovacomseguros.com\/Site\/wp-content\/uploads\/2019\/05\/email-146x146.png 146w, https:\/\/www.innovacomseguros.com\/Site\/wp-content\/uploads\/2019\/05\/email-50x50.png 50w, https:\/\/www.innovacomseguros.com\/Site\/wp-content\/uploads\/2019\/05\/email-75x75.png 75w, https:\/\/www.innovacomseguros.com\/Site\/wp-content\/uploads\/2019\/05\/email-85x85.png 85w, https:\/\/www.innovacomseguros.com\/Site\/wp-content\/uploads\/2019\/05\/email-80x80.png 80w, https:\/\/www.innovacomseguros.com\/Site\/wp-content\/uploads\/2019\/05\/email.png 600w\" sizes=\"(max-width: 300px) 100vw, 300px\" \/><\/p>\n<h6 class=\"btn_email_contact\"><a href=\"mailto:gerencia@innovacomseguros.com\">gerencia@innovacomseguros.com<\/a><\/h6>\n<h5 class=\"btn_telefono_contact \">M. +57 (314) 411 9508<\/h5>\n<h5>Bogot\u00e1, D.C. &#8211; Colombia<\/h5>\n[\/vc_column_text][\/vc_column_inner][\/vc_row_inner][\/vc_column][\/vc_row]\n","protected":false},"excerpt":{"rendered":"<p>[vc_row full_width=&#8221;stretch_row&#8221; full_height=&#8221;yes&#8221; parallax=&#8221;content-moving&#8221; parallax_image=&#8221;605&#8243; el_id=&#8221;hero_banner&#8221; el_class=&#8221;div_100&#8243;][vc_column][vc_column_text] Sab\u00edas qu\u00e9&#8230; Estamos contigo, est\u00e1s protegido! ver m\u00e1s [\/vc_column_text][\/vc_column][\/vc_row][vc_row full_width=&#8221;stretch_row_content_no_spaces&#8221; equal_height=&#8221;yes&#8221; content_placement=&#8221;top&#8221; el_id=&#8221;blog-galeria&#8221; el_class=&#8221;div_general div_general_03&#8243;][vc_column][vc_basic_grid post_type=&#8221;post&#8221; max_items=&#8221;12&#8243; item=&#8221;615&#8243; initial_loading_animation=&#8221;none&#8221;<span class=\"excerpt-hellip\"> [\u2026]<\/span><\/p>\n","protected":false},"author":3,"featured_media":0,"parent":0,"menu_order":0,"comment_status":"closed","ping_status":"closed","template":"","meta":[],"yoast_head":"<!-- This site is optimized with the Yoast SEO plugin v16.3 - https:\/\/yoast.com\/wordpress\/plugins\/seo\/ -->\n<title>Sab\u00edas qu\u00e9... - Esp - Innovacom Seguros<\/title>\n<meta name=\"robots\" content=\"index, follow, max-snippet:-1, max-image-preview:large, max-video-preview:-1\" \/>\n<link rel=\"canonical\" href=\"https:\/\/www.innovacomseguros.com\/Site\/sabias-que-esp\/\" \/>\n<meta property=\"og:locale\" content=\"es_ES\" \/>\n<meta property=\"og:type\" content=\"article\" \/>\n<meta property=\"og:title\" content=\"Sab\u00edas qu\u00e9... - Esp - Innovacom Seguros\" \/>\n<meta property=\"og:description\" content=\"[vc_row full_width=&#8221;stretch_row&#8221; full_height=&#8221;yes&#8221; parallax=&#8221;content-moving&#8221; parallax_image=&#8221;605&#8243; el_id=&#8221;hero_banner&#8221; el_class=&#8221;div_100&#8243;][vc_column][vc_column_text] Sab\u00edas qu\u00e9&#8230; Estamos contigo, est\u00e1s protegido! ver m\u00e1s [\/vc_column_text][\/vc_column][\/vc_row][vc_row full_width=&#8221;stretch_row_content_no_spaces&#8221; equal_height=&#8221;yes&#8221; content_placement=&#8221;top&#8221; el_id=&#8221;blog-galeria&#8221; el_class=&#8221;div_general div_general_03&#8243;][vc_column][vc_basic_grid post_type=&#8221;post&#8221; max_items=&#8221;12&#8243; item=&#8221;615&#8243; initial_loading_animation=&#8221;none&#8221; [\u2026]\" \/>\n<meta property=\"og:url\" content=\"https:\/\/www.innovacomseguros.com\/Site\/sabias-que-esp\/\" \/>\n<meta property=\"og:site_name\" content=\"Innovacom Seguros\" \/>\n<meta property=\"article:modified_time\" content=\"2019-06-14T20:27:11+00:00\" \/>\n<meta property=\"og:image\" content=\"http:\/\/www.innovacomseguros.com\/Site\/wp-content\/uploads\/2019\/05\/email-300x300.png\" \/>\n<meta name=\"twitter:card\" content=\"summary_large_image\" \/>\n<meta name=\"twitter:label1\" content=\"Tiempo de lectura\">\n\t<meta name=\"twitter:data1\" content=\"3 minutos\">\n<script type=\"application\/ld+json\" class=\"yoast-schema-graph\">{\"@context\":\"https:\/\/schema.org\",\"@graph\":[{\"@type\":\"Organization\",\"@id\":\"https:\/\/www.innovacomseguros.com\/Site\/#organization\",\"name\":\"innovacom seguros\",\"url\":\"https:\/\/www.innovacomseguros.com\/Site\/\",\"sameAs\":[],\"logo\":{\"@type\":\"ImageObject\",\"@id\":\"https:\/\/www.innovacomseguros.com\/Site\/#logo\",\"inLanguage\":\"es\",\"url\":\"https:\/\/www.innovacomseguros.com\/Site\/wp-content\/uploads\/2019\/04\/Innovacom_Logo_Retina.jpg\",\"contentUrl\":\"https:\/\/www.innovacomseguros.com\/Site\/wp-content\/uploads\/2019\/04\/Innovacom_Logo_Retina.jpg\",\"width\":900,\"height\":300,\"caption\":\"innovacom seguros\"},\"image\":{\"@id\":\"https:\/\/www.innovacomseguros.com\/Site\/#logo\"}},{\"@type\":\"WebSite\",\"@id\":\"https:\/\/www.innovacomseguros.com\/Site\/#website\",\"url\":\"https:\/\/www.innovacomseguros.com\/Site\/\",\"name\":\"Innovacom Seguros\",\"description\":\"Somos una empresa asesora y consultora dedicada a la intermediaci\\u00f3n de seguros, buscando ofrecer la mejor alternativa de protecci\\u00f3n para su vida y patrimonio. Nuestras actividades est\\u00e1n orientadas a brindar satisfacci\\u00f3n a nuestros clientes, enmarcados en principios, valores \\u00e9ticos y buenas costumbres comerciales. We are an advisory and consulting company dedicated to the intermediation of insurance, seeking to offer the best alternative protection for your life and heritage. Our activities are oriented to provide satisfaction to our clients, framed in principles, ethical values and good commercial habits.\",\"publisher\":{\"@id\":\"https:\/\/www.innovacomseguros.com\/Site\/#organization\"},\"potentialAction\":[{\"@type\":\"SearchAction\",\"target\":\"https:\/\/www.innovacomseguros.com\/Site\/?s={search_term_string}\",\"query-input\":\"required name=search_term_string\"}],\"inLanguage\":\"es\"},{\"@type\":\"ImageObject\",\"@id\":\"https:\/\/www.innovacomseguros.com\/Site\/sabias-que-esp\/#primaryimage\",\"inLanguage\":\"es\",\"url\":\"http:\/\/www.innovacomseguros.com\/Site\/wp-content\/uploads\/2019\/05\/email-300x300.png\",\"contentUrl\":\"http:\/\/www.innovacomseguros.com\/Site\/wp-content\/uploads\/2019\/05\/email-300x300.png\"},{\"@type\":\"WebPage\",\"@id\":\"https:\/\/www.innovacomseguros.com\/Site\/sabias-que-esp\/#webpage\",\"url\":\"https:\/\/www.innovacomseguros.com\/Site\/sabias-que-esp\/\",\"name\":\"Sab\\u00edas qu\\u00e9... - Esp - Innovacom Seguros\",\"isPartOf\":{\"@id\":\"https:\/\/www.innovacomseguros.com\/Site\/#website\"},\"primaryImageOfPage\":{\"@id\":\"https:\/\/www.innovacomseguros.com\/Site\/sabias-que-esp\/#primaryimage\"},\"datePublished\":\"2019-05-29T15:32:52+00:00\",\"dateModified\":\"2019-06-14T20:27:11+00:00\",\"breadcrumb\":{\"@id\":\"https:\/\/www.innovacomseguros.com\/Site\/sabias-que-esp\/#breadcrumb\"},\"inLanguage\":\"es\",\"potentialAction\":[{\"@type\":\"ReadAction\",\"target\":[\"https:\/\/www.innovacomseguros.com\/Site\/sabias-que-esp\/\"]}]},{\"@type\":\"BreadcrumbList\",\"@id\":\"https:\/\/www.innovacomseguros.com\/Site\/sabias-que-esp\/#breadcrumb\",\"itemListElement\":[{\"@type\":\"ListItem\",\"position\":1,\"item\":{\"@type\":\"WebPage\",\"@id\":\"https:\/\/www.innovacomseguros.com\/Site\/en\/home-eng\/\",\"url\":\"https:\/\/www.innovacomseguros.com\/Site\/en\/home-eng\/\",\"name\":\"Portada\"}},{\"@type\":\"ListItem\",\"position\":2,\"item\":{\"@id\":\"https:\/\/www.innovacomseguros.com\/Site\/sabias-que-esp\/#webpage\"}}]}]}<\/script>\n<!-- \/ Yoast SEO plugin. -->","_links":{"self":[{"href":"https:\/\/www.innovacomseguros.com\/Site\/wp-json\/wp\/v2\/pages\/566"}],"collection":[{"href":"https:\/\/www.innovacomseguros.com\/Site\/wp-json\/wp\/v2\/pages"}],"about":[{"href":"https:\/\/www.innovacomseguros.com\/Site\/wp-json\/wp\/v2\/types\/page"}],"author":[{"embeddable":true,"href":"https:\/\/www.innovacomseguros.com\/Site\/wp-json\/wp\/v2\/users\/3"}],"replies":[{"embeddable":true,"href":"https:\/\/www.innovacomseguros.com\/Site\/wp-json\/wp\/v2\/comments?post=566"}],"version-history":[{"count":24,"href":"https:\/\/www.innovacomseguros.com\/Site\/wp-json\/wp\/v2\/pages\/566\/revisions"}],"predecessor-version":[{"id":915,"href":"https:\/\/www.innovacomseguros.com\/Site\/wp-json\/wp\/v2\/pages\/566\/revisions\/915"}],"wp:attachment":[{"href":"https:\/\/www.innovacomseguros.com\/Site\/wp-json\/wp\/v2\/media?parent=566"}],"curies":[{"name":"wp","href":"https:\/\/api.w.org\/{rel}","templated":true}]}}