{"id":122,"date":"2018-10-26T03:38:32","date_gmt":"2018-10-26T03:38:32","guid":{"rendered":"http:\/\/www.innovacomseguros.com\/Site\/?page_id=122"},"modified":"2021-05-29T10:06:48","modified_gmt":"2021-05-29T15:06:48","slug":"innovacom-seguros","status":"publish","type":"page","link":"https:\/\/www.innovacomseguros.com\/Site\/","title":{"rendered":"Inicio &#8211; Esp"},"content":{"rendered":"[vc_row full_width=&#8221;stretch_row_content_no_spaces&#8221; content_placement=&#8221;top&#8221; el_id=&#8221;hero_banner&#8221;][vc_column][vc_column_text]\n<div class=\"n2-has-copy n2-code n2-ss-slider-shortcode-id\" style=\"text-align: center;\">\n<div class=\"n2-has-copy n2-code n2-ss-slider-shortcode-id\"><\/div>\n<\/div>\n[\/vc_column_text][\/vc_column][\/vc_row][vc_row full_width=&#8221;stretch_row&#8221; full_height=&#8221;yes&#8221; parallax=&#8221;content-moving&#8221; parallax_image=&#8221;42&#8243; disable_element=&#8221;yes&#8221; el_id=&#8221;hero_banner&#8221; el_class=&#8221;div_100&#8243;][vc_column][vc_column_text]\n<h1 class=\"texto_01_banner\">Proponemos soluciones integrales<\/h1>\n<h3 class=\"texto_02_banner\">para la protecci\u00f3n de tu vida, la de los tuyos y tu patrimonio<\/h3>\n<h4><a class=\"btn_01\" href=\"#estamos\" rel=\"m_PageScroll2id\">ver m\u00e1s<\/a><\/h4>\n[\/vc_column_text][\/vc_column][\/vc_row][vc_row full_width=&#8221;stretch_row_content_no_spaces&#8221; full_height=&#8221;yes&#8221; el_id=&#8221;estamos&#8221; el_class=&#8221;div_general&#8221;][vc_column width=&#8221;1\/3&#8243; el_class=&#8221;columna_1-3&#8243;][vc_column_text css_animation=&#8221;slideInDown&#8221;]<img loading=\"lazy\" class=\"alignnone size-medium wp-image-191 icono_01\" src=\"http:\/\/www.innovacomseguros.com\/Site\/wp-content\/uploads\/2019\/04\/umbrella-300x300.png\" alt=\"\" width=\"300\" height=\"300\" srcset=\"https:\/\/www.innovacomseguros.com\/Site\/wp-content\/uploads\/2019\/04\/umbrella-300x300.png 300w, https:\/\/www.innovacomseguros.com\/Site\/wp-content\/uploads\/2019\/04\/umbrella-150x150.png 150w, https:\/\/www.innovacomseguros.com\/Site\/wp-content\/uploads\/2019\/04\/umbrella-146x146.png 146w, https:\/\/www.innovacomseguros.com\/Site\/wp-content\/uploads\/2019\/04\/umbrella-50x50.png 50w, https:\/\/www.innovacomseguros.com\/Site\/wp-content\/uploads\/2019\/04\/umbrella-75x75.png 75w, https:\/\/www.innovacomseguros.com\/Site\/wp-content\/uploads\/2019\/04\/umbrella-85x85.png 85w, https:\/\/www.innovacomseguros.com\/Site\/wp-content\/uploads\/2019\/04\/umbrella-80x80.png 80w, https:\/\/www.innovacomseguros.com\/Site\/wp-content\/uploads\/2019\/04\/umbrella.png 600w\" sizes=\"(max-width: 300px) 100vw, 300px\" \/>[\/vc_column_text][\/vc_column][vc_column width=&#8221;2\/3&#8243; el_class=&#8221;columna_2-3&#8243;][vc_column_text]\n<h1 class=\"titulo_01\">ESTAMOS CONTIGO, EST\u00c1S PROTEGIDO.<\/h1>\n<h3 class=\"subtitulo_01\">BIENVENIDOS A<br \/>\n<span style=\"font-weight: 600;\">INNOVACI\u00d3N COMERCIAL ASESORES DE SEGUROS. <\/span><\/h3>\n<ul class=\"texto_indentado\">\n<li>Ayudamos a las personas a manejar los riesgos de la vida cotidiana, a recuperarse de lo inesperado y a realizar sus sue\u00f1os.<\/li>\n<li>Somos una empresa asesora y consultora dedicada a la intermediaci\u00f3n de seguros, buscando ofrecer la mejor alternativa de protecci\u00f3n para su vida y patrimonio.<\/li>\n<li>Nuestras actividades est\u00e1n orientadas a brindar satisfacci\u00f3n a nuestros clientes, enmarcados en principios, valores \u00e9ticos y buenas costumbres comerciales.<\/li>\n<li>Trabajamos conjuntamente con las mejores aseguradoras del pa\u00eds, creamos relaciones a largo plazo, generando beneficio para todas las partes, velando por el desarrollo de los recursos humanos, con responsabilidad social.<\/li>\n<\/ul>\n<h4><a class=\"btn_01\" href=\"#servicios\" rel=\"m_PageScroll2id\">ver m\u00e1s<\/a><\/h4>\n[\/vc_column_text][\/vc_column][\/vc_row][vc_row full_width=&#8221;stretch_row_content_no_spaces&#8221; el_class=&#8221;div_general div_general_01&#8243; el_id=&#8221;servicios&#8221;][vc_column][vc_column_text el_class=&#8221;titulo_seccion_home&#8221;]\n<h1 class=\"titulo_02\" style=\"color: #fff;\">Servicios<\/h1>\n[\/vc_column_text][vc_row_inner css=&#8221;.vc_custom_1556136877740{margin-bottom: 0px !important;padding-top: 0px !important;padding-right: 0px !important;padding-bottom: 0px !important;padding-left: 0px !important;}&#8221;][vc_column_inner el_class=&#8221;columna_3-3&#8243; width=&#8221;1\/3&#8243;][vc_single_image image=&#8221;89&#8243; img_size=&#8221;full&#8221; alignment=&#8221;center&#8221; onclick=&#8221;custom_link&#8221; link=&#8221;http:\/\/www.innovacomseguros.com\/Site\/seguros-educativos-esp\/&#8221; el_class=&#8221;img_servicios_01&#8243;][vc_column_text]\n<h4 class=\"texto_img_servicios_01\">Seguros educativos<\/h4>\n[\/vc_column_text][\/vc_column_inner][vc_column_inner el_class=&#8221;columna_3-3&#8243; width=&#8221;1\/3&#8243;][vc_single_image image=&#8221;91&#8243; img_size=&#8221;full&#8221; alignment=&#8221;center&#8221; onclick=&#8221;custom_link&#8221; link=&#8221;http:\/\/www.innovacomseguros.com\/Site\/seguros-salud-medicina-prepagada-esp\/&#8221; el_class=&#8221;img_servicios_01&#8243;][vc_column_text]\n<h4 class=\"texto_img_servicios_01\">Seguros de salud y medicina prepagada<\/h4>\n[\/vc_column_text][\/vc_column_inner][vc_column_inner el_class=&#8221;columna_3-3&#8243; width=&#8221;1\/3&#8243;][vc_single_image image=&#8221;92&#8243; img_size=&#8221;full&#8221; alignment=&#8221;center&#8221; onclick=&#8221;custom_link&#8221; link=&#8221;http:\/\/www.innovacomseguros.com\/Site\/seguros-cumplimiento-responsabilidad-civil-esp\/&#8221; el_class=&#8221;img_servicios_01&#8243;][vc_column_text]\n<h4 class=\"texto_img_servicios_01\">Seguros de cumplimiento y responsabilidad civil<\/h4>\n[\/vc_column_text][\/vc_column_inner][\/vc_row_inner][vc_row_inner css=&#8221;.vc_custom_1556136857581{margin-bottom: 0px !important;padding-top: 0px !important;padding-right: 0px !important;padding-bottom: 0px !important;padding-left: 0px !important;}&#8221;][vc_column_inner el_class=&#8221;columna_3-3&#8243; width=&#8221;1\/3&#8243;][vc_single_image image=&#8221;93&#8243; img_size=&#8221;full&#8221; alignment=&#8221;center&#8221; onclick=&#8221;custom_link&#8221; link=&#8221;http:\/\/www.innovacomseguros.com\/Site\/seguros-automoviles-esp\/&#8221; el_class=&#8221;img_servicios_01&#8243;][vc_column_text]\n<h4 class=\"texto_img_servicios_01\">Seguros de autom\u00f3viles<\/h4>\n[\/vc_column_text][\/vc_column_inner][vc_column_inner el_class=&#8221;columna_3-3&#8243; width=&#8221;1\/3&#8243;][vc_single_image image=&#8221;95&#8243; img_size=&#8221;full&#8221; alignment=&#8221;center&#8221; onclick=&#8221;custom_link&#8221; link=&#8221;http:\/\/www.innovacomseguros.com\/Site\/seguros-hogar-esp\/&#8221; el_class=&#8221;img_servicios_01&#8243;][vc_column_text]\n<h4 class=\"texto_img_servicios_01\">Seguros del hogar<\/h4>\n[\/vc_column_text][\/vc_column_inner][vc_column_inner el_class=&#8221;columna_3-3&#8243; width=&#8221;1\/3&#8243;][vc_single_image image=&#8221;74&#8243; img_size=&#8221;full&#8221; alignment=&#8221;center&#8221; onclick=&#8221;custom_link&#8221; link=&#8221;http:\/\/www.innovacomseguros.com\/Site\/seguros-vida-individual-esp\/&#8221; el_class=&#8221;img_servicios_01&#8243;][vc_column_text]\n<h4 class=\"texto_img_servicios_01\">Seguros de vida individual<\/h4>\n[\/vc_column_text][\/vc_column_inner][\/vc_row_inner][vc_column_text el_class=&#8221;div_btn_03&#8243;]\n<h4 style=\"text-align: center;\"><a class=\"btn_01 btn_03\" href=\"#contacto\" rel=\"m_PageScroll2id\">solicitar informaci\u00f3n<\/a><\/h4>\n[\/vc_column_text][\/vc_column][\/vc_row][vc_row full_width=&#8221;stretch_row_content_no_spaces&#8221; full_height=&#8221;yes&#8221; el_class=&#8221;div_general div_general_02&#8243; el_id=&#8221;poliza_mineroambiental&#8221;][vc_column][vc_column_text el_class=&#8221;titulo_seccion_home&#8221;]\n<h1 class=\"titulo_02\">P\u00f3liza minero ambiental<\/h1>\n[\/vc_column_text][vc_row_inner equal_height=&#8221;yes&#8221; content_placement=&#8221;top&#8221;][vc_column_inner width=&#8221;1\/3&#8243;][vc_single_image image=&#8221;90&#8243; img_size=&#8221;full&#8221; alignment=&#8221;center&#8221; el_class=&#8221;img_poliza_01&#8243;][\/vc_column_inner][vc_column_inner el_class=&#8221;columna_2-2&#8243; width=&#8221;2\/3&#8243;][vc_column_text css=&#8221;.vc_custom_1560806904360{margin-bottom: 0px !important;padding-bottom: 0px !important;}&#8221;]Al celebrarse el contrato de concesi\u00f3n minera el interesado debe, dentro de los diez (10)\u00a0d\u00edas siguientes a la fecha de celebraci\u00f3n del mismo, constituir una p\u00f3liza de garant\u00eda de\u00a0cumplimiento, para amparar el cumplimiento de obligaciones mineras y ambientales, el\u00a0pago de multas y la caducidad. En el evento en que la p\u00f3liza se haga efectiva, subsiste la\u00a0obligaci\u00f3n para el contratista de reponer dicha garant\u00eda. El valor asegurado se calcula con\u00a0base en los siguientes criterios:<\/p>\n<ol class=\"texto_indentado_03\">\n<li>Para la etapa de exploraci\u00f3n, un 5% del valor anual de la cuant\u00eda de la inversi\u00f3n prevista\u00a0en exploraci\u00f3n para la respectiva anualidad.<\/li>\n<li>Para la etapa de construcci\u00f3n y montaje el 5% de la inversi\u00f3n anual por dicho\u00a0concepto.<\/li>\n<li>Para la etapa de explotaci\u00f3n equivaldr\u00e1 a un 10% del resultado de multiplicar el volumen\u00a0de producci\u00f3n anual estimado del mineral objeto de la concesi\u00f3n, por el precio en boca de\u00a0mina del referido mineral fijado anualmente por el gobierno.<\/li>\n<\/ol>\n<p>El funcionario competente recibe y eval\u00faa la p\u00f3liza minero ambiental si la encuentra de\u00a0conformidad con lo previsto en la norma, la aprueba, de lo contrario, \u00a0mediante auto que se\u00a0notifica por estado, concede t\u00e9rmino de diez (10) d\u00edas para que a partir de la notificaci\u00f3n,\u00a0aporte la modificaci\u00f3n requerida.<\/p>\n<p>En el evento de no presentar la p\u00f3liza al contrato, se requiere al interesado para que en\u00a0el t\u00e9rmino de dos (2) meses contados a partir de la notificaci\u00f3n del requerimiento, de\u00a0conformidad con lo previsto por el art\u00edculo 13 del C.C.A., allegue la p\u00f3liza, so pena de\u00a0entender desistido el tr\u00e1mite de perfeccionamiento del contrato.<\/p>\n<p>Aprobada la p\u00f3liza se env\u00eda el expediente al competente para su inscripci\u00f3n y posterior\u00a0env\u00edo a Fiscalizaci\u00f3n y Ordenamiento Minero.<br \/>\n<div class=\"su-spacer\" style=\"height:30px\"><\/div>\n<h4><a class=\"btn_01\" href=\"#contacto\" rel=\"m_PageScroll2id\">solicitar informaci\u00f3n<\/a><\/h4>\n[\/vc_column_text][\/vc_column_inner][\/vc_row_inner][\/vc_column][\/vc_row][vc_row full_width=&#8221;stretch_row_content_no_spaces&#8221; equal_height=&#8221;yes&#8221; content_placement=&#8221;top&#8221; el_id=&#8221;sabias_que&#8221; el_class=&#8221;div_general div_general_03&#8243;][vc_column][vc_column_text el_class=&#8221;titulo_seccion_home&#8221;]\n<h1 class=\"titulo_02\" style=\"color: #fff;\">Sab\u00edas qu\u00e9&#8230;<\/h1>\n[\/vc_column_text][vc_basic_grid post_type=&#8221;post&#8221; max_items=&#8221;3&#8243; item=&#8221;615&#8243; initial_loading_animation=&#8221;none&#8221; grid_id=&#8221;vc_gid:1621866997355-899abae1-85c9-4&#8243; taxonomies=&#8221;89, 91&#8243; el_class=&#8221;div_galeria_blog&#8221;][vc_column_text el_class=&#8221;div_btn_03&#8243;]\n<h4 style=\"text-align: center;\"><a class=\"btn_01\" href=\"http:\/\/www.innovacomseguros.com\/Site\/sabias-que-esp\/#blog-galeria\" rel=\"m_PageScroll2id\">m\u00e1s publicaciones<\/a><\/h4>\n[\/vc_column_text][\/vc_column][\/vc_row][vc_row full_width=&#8221;stretch_row_content_no_spaces&#8221; el_class=&#8221;div_general&#8221; el_id=&#8221;contacto&#8221;][vc_column][vc_column_text el_class=&#8221;titulo_seccion_home&#8221;]\n<h1 class=\"titulo_02\">Cont\u00e1ctanos<\/h1>\n[\/vc_column_text][vc_row_inner css=&#8221;.vc_custom_1556136877740{margin-bottom: 0px !important;padding-top: 0px !important;padding-right: 0px !important;padding-bottom: 0px !important;padding-left: 0px !important;}&#8221;][vc_column_inner width=&#8221;2\/3&#8243;][vc_column_text]<div role=\"form\" class=\"wpcf7\" id=\"wpcf7-f318-o1\" lang=\"es-ES\" dir=\"ltr\">\n<div class=\"screen-reader-response\"><p role=\"status\" aria-live=\"polite\" aria-atomic=\"true\"><\/p> <ul><\/ul><\/div>\n<form action=\"\/Site\/wp-json\/wp\/v2\/pages\/122#wpcf7-f318-o1\" method=\"post\" class=\"wpcf7-form init\" novalidate=\"novalidate\" data-status=\"init\">\n<div style=\"display: none;\">\n<input type=\"hidden\" name=\"_wpcf7\" value=\"318\" \/>\n<input type=\"hidden\" name=\"_wpcf7_version\" value=\"5.4.1\" \/>\n<input type=\"hidden\" name=\"_wpcf7_locale\" value=\"es_ES\" \/>\n<input type=\"hidden\" name=\"_wpcf7_unit_tag\" value=\"wpcf7-f318-o1\" \/>\n<input type=\"hidden\" name=\"_wpcf7_container_post\" value=\"0\" \/>\n<input type=\"hidden\" name=\"_wpcf7_posted_data_hash\" value=\"\" \/>\n<input type=\"hidden\" name=\"_wpcf7_recaptcha_response\" value=\"\" \/>\n<\/div>\n<div class=\"column one-second\"><span class=\"wpcf7-form-control-wrap your-name\"><input type=\"text\" name=\"your-name\" value=\"\" size=\"100\" class=\"wpcf7-form-control wpcf7-text wpcf7-validates-as-required\" aria-required=\"true\" aria-invalid=\"false\" placeholder=\"Nombre completo*\" \/><\/span> <\/div>\n<div class=\"column one-second\"><span class=\"wpcf7-form-control-wrap tel-406\"><input type=\"tel\" name=\"tel-406\" value=\"\" size=\"100\" class=\"wpcf7-form-control wpcf7-text wpcf7-tel wpcf7-validates-as-tel\" aria-invalid=\"false\" placeholder=\"Tel\u00e9fono fijo o m\u00f3vil\" \/><\/span> <\/div>\n<div class=\"column one-second\"><span class=\"wpcf7-form-control-wrap your-email\"><input type=\"email\" name=\"your-email\" value=\"\" size=\"100\" class=\"wpcf7-form-control wpcf7-text wpcf7-email wpcf7-validates-as-required wpcf7-validates-as-email\" aria-required=\"true\" aria-invalid=\"false\" placeholder=\"Correo electr\u00f3nico*\" \/><\/span> <\/div>\n<div class=\"column one-second\"><span class=\"wpcf7-form-control-wrap your-email02\"><input type=\"email\" name=\"your-email02\" value=\"\" size=\"100\" class=\"wpcf7-form-control wpcf7-text wpcf7-email wpcf7-validates-as-email\" aria-invalid=\"false\" placeholder=\"Otro correo electr\u00f3nico\" \/><\/span> <\/div>\n<div class=\"column one-second\"><span class=\"wpcf7-form-control-wrap your-city\"><input type=\"text\" name=\"your-city\" value=\"\" size=\"100\" class=\"wpcf7-form-control wpcf7-text wpcf7-validates-as-required\" aria-required=\"true\" aria-invalid=\"false\" placeholder=\"Ciudad*\" \/><\/span> <\/div>\n<div class=\"column one-second\"><span class=\"wpcf7-form-control-wrap your-service\"><select name=\"your-service\" class=\"wpcf7-form-control wpcf7-select wpcf7-validates-as-required\" aria-required=\"true\" aria-invalid=\"false\"><option value=\"\">Servicio de su inter\u00e9s*<\/option><option value=\"P\u00f3liza minero ambiental\">P\u00f3liza minero ambiental<\/option><option value=\"Seguros educativos\">Seguros educativos<\/option><option value=\"SOAT\">SOAT<\/option><option value=\"Seguros para veh\u00edculos\">Seguros para veh\u00edculos<\/option><option value=\"Seguros de salud\">Seguros de salud<\/option><option value=\"Seguros hogar\">Seguros hogar<\/option><option value=\"Seguros generales\">Seguros generales<\/option><option value=\"Seguros de vida\">Seguros de vida<\/option><option value=\"Otro servicio\">Otro servicio<\/option><\/select><\/span> <\/div>\n<div class=\"column one\"><span class=\"wpcf7-form-control-wrap your-message\"><textarea name=\"your-message\" cols=\"40\" rows=\"4\" class=\"wpcf7-form-control wpcf7-textarea wpcf7-validates-as-required\" aria-required=\"true\" aria-invalid=\"false\" placeholder=\"Comentarios*\"><\/textarea><\/span><\/div>\n<p style=\"padding: 0 6px 20px; color:#999; font-size:0.8em;\">Los campos marcados(*) son obligatorios. Al enviar este formulario ud acepta la inscripci\u00f3n de su informaci\u00f3n en nuestra base de datos. Nos comprometemos al correcto manejo de sus datos, los cuales solo ser\u00e1n de uso exclusivo de nuestra compa\u00f1\u00eda para la promoci\u00f3n, venta y prestaci\u00f3n de nuestros servicios, atender peticiones y enviar informaci\u00f3n comercial.<\/p>\n<div class=\"column one\"><input type=\"submit\" value=\"ENVIAR\" class=\"wpcf7-form-control wpcf7-submit button_submit\" \/><\/div>\n<div class=\"wpcf7-response-output\" aria-hidden=\"true\"><\/div><\/form><\/div>[\/vc_column_text][\/vc_column_inner][vc_column_inner width=&#8221;1\/3&#8243;][vc_column_text css_animation=&#8221;slideInUp&#8221;]<img loading=\"lazy\" class=\"alignnone size-medium wp-image-368 icono_02\" src=\"http:\/\/www.innovacomseguros.com\/Site\/wp-content\/uploads\/2019\/05\/email-300x300.png\" alt=\"\" width=\"\" height=\"\" srcset=\"https:\/\/www.innovacomseguros.com\/Site\/wp-content\/uploads\/2019\/05\/email-300x300.png 300w, https:\/\/www.innovacomseguros.com\/Site\/wp-content\/uploads\/2019\/05\/email-150x150.png 150w, https:\/\/www.innovacomseguros.com\/Site\/wp-content\/uploads\/2019\/05\/email-146x146.png 146w, https:\/\/www.innovacomseguros.com\/Site\/wp-content\/uploads\/2019\/05\/email-50x50.png 50w, https:\/\/www.innovacomseguros.com\/Site\/wp-content\/uploads\/2019\/05\/email-75x75.png 75w, https:\/\/www.innovacomseguros.com\/Site\/wp-content\/uploads\/2019\/05\/email-85x85.png 85w, https:\/\/www.innovacomseguros.com\/Site\/wp-content\/uploads\/2019\/05\/email-80x80.png 80w, https:\/\/www.innovacomseguros.com\/Site\/wp-content\/uploads\/2019\/05\/email.png 600w\" sizes=\"(max-width: 300px) 100vw, 300px\" \/><\/p>\n<h6 class=\"btn_email_contact\"><a href=\"mailto:gerencia@innovacomseguros.com\">gerencia@innovacomseguros.com<\/a><\/h6>\n<h5 class=\"btn_telefono_contact \">M. +57 (314) 411 9503<\/h5>\n<h5>Bogot\u00e1, D.C. &#8211; Colombia<\/h5>\n[\/vc_column_text][\/vc_column_inner][\/vc_row_inner][\/vc_column][\/vc_row]\n","protected":false},"excerpt":{"rendered":"<p>[vc_row full_width=&#8221;stretch_row_content_no_spaces&#8221; content_placement=&#8221;top&#8221; el_id=&#8221;hero_banner&#8221;][vc_column][vc_column_text] [\/vc_column_text][\/vc_column][\/vc_row][vc_row full_width=&#8221;stretch_row&#8221; full_height=&#8221;yes&#8221; parallax=&#8221;content-moving&#8221; parallax_image=&#8221;42&#8243; disable_element=&#8221;yes&#8221; el_id=&#8221;hero_banner&#8221; el_class=&#8221;div_100&#8243;][vc_column][vc_column_text] Proponemos soluciones integrales para la protecci\u00f3n de tu vida, la de los tuyos y<span class=\"excerpt-hellip\"> [\u2026]<\/span><\/p>\n","protected":false},"author":3,"featured_media":0,"parent":0,"menu_order":0,"comment_status":"closed","ping_status":"closed","template":"","meta":[],"yoast_head":"<!-- This site is optimized with the Yoast SEO plugin v16.3 - https:\/\/yoast.com\/wordpress\/plugins\/seo\/ -->\n<title>Innovacom Seguros - P\u00f3liza Minero Ambiental<\/title>\n<meta name=\"description\" content=\"Somos una empresa asesora y consultora dedicada a la intermediaci\u00f3n de seguros, buscando ofrecer la mejor alternativa de protecci\u00f3n para su vida y patrimonio. Nuestras actividades est\u00e1n orientadas a brindar satisfacci\u00f3n a nuestros clientes, enmarcados en principios, valores \u00e9ticos y buenas costumbres comerciales.\" \/>\n<meta name=\"robots\" content=\"index, follow, max-snippet:-1, max-image-preview:large, max-video-preview:-1\" \/>\n<link rel=\"canonical\" href=\"https:\/\/www.innovacomseguros.com\/Site\/\" \/>\n<meta property=\"og:locale\" content=\"es_ES\" \/>\n<meta property=\"og:type\" content=\"article\" \/>\n<meta property=\"og:title\" content=\"Innovacom Seguros - P\u00f3liza Minero Ambiental\" \/>\n<meta property=\"og:description\" content=\"Somos una empresa asesora y consultora dedicada a la intermediaci\u00f3n de seguros, buscando ofrecer la mejor alternativa de protecci\u00f3n para su vida y patrimonio. Nuestras actividades est\u00e1n orientadas a brindar satisfacci\u00f3n a nuestros clientes, enmarcados en principios, valores \u00e9ticos y buenas costumbres comerciales.\" \/>\n<meta property=\"og:url\" content=\"https:\/\/www.innovacomseguros.com\/Site\/\" \/>\n<meta property=\"og:site_name\" content=\"Innovacom Seguros\" \/>\n<meta property=\"article:modified_time\" content=\"2021-05-29T15:06:48+00:00\" \/>\n<meta property=\"og:image\" content=\"http:\/\/www.innovacomseguros.com\/Site\/wp-content\/uploads\/2019\/04\/umbrella-300x300.png\" \/>\n<meta name=\"twitter:card\" content=\"summary_large_image\" \/>\n<meta name=\"twitter:label1\" content=\"Tiempo de lectura\">\n\t<meta name=\"twitter:data1\" content=\"6 minutos\">\n<script type=\"application\/ld+json\" class=\"yoast-schema-graph\">{\"@context\":\"https:\/\/schema.org\",\"@graph\":[{\"@type\":\"Organization\",\"@id\":\"https:\/\/www.innovacomseguros.com\/Site\/#organization\",\"name\":\"innovacom seguros\",\"url\":\"https:\/\/www.innovacomseguros.com\/Site\/\",\"sameAs\":[],\"logo\":{\"@type\":\"ImageObject\",\"@id\":\"https:\/\/www.innovacomseguros.com\/Site\/#logo\",\"inLanguage\":\"es\",\"url\":\"https:\/\/www.innovacomseguros.com\/Site\/wp-content\/uploads\/2019\/04\/Innovacom_Logo_Retina.jpg\",\"contentUrl\":\"https:\/\/www.innovacomseguros.com\/Site\/wp-content\/uploads\/2019\/04\/Innovacom_Logo_Retina.jpg\",\"width\":900,\"height\":300,\"caption\":\"innovacom seguros\"},\"image\":{\"@id\":\"https:\/\/www.innovacomseguros.com\/Site\/#logo\"}},{\"@type\":\"WebSite\",\"@id\":\"https:\/\/www.innovacomseguros.com\/Site\/#website\",\"url\":\"https:\/\/www.innovacomseguros.com\/Site\/\",\"name\":\"Innovacom Seguros\",\"description\":\"Somos una empresa asesora y consultora dedicada a la intermediaci\\u00f3n de seguros, buscando ofrecer la mejor alternativa de protecci\\u00f3n para su vida y patrimonio. Nuestras actividades est\\u00e1n orientadas a brindar satisfacci\\u00f3n a nuestros clientes, enmarcados en principios, valores \\u00e9ticos y buenas costumbres comerciales. We are an advisory and consulting company dedicated to the intermediation of insurance, seeking to offer the best alternative protection for your life and heritage. Our activities are oriented to provide satisfaction to our clients, framed in principles, ethical values and good commercial habits.\",\"publisher\":{\"@id\":\"https:\/\/www.innovacomseguros.com\/Site\/#organization\"},\"potentialAction\":[{\"@type\":\"SearchAction\",\"target\":\"https:\/\/www.innovacomseguros.com\/Site\/?s={search_term_string}\",\"query-input\":\"required name=search_term_string\"}],\"inLanguage\":\"es\"},{\"@type\":\"ImageObject\",\"@id\":\"https:\/\/www.innovacomseguros.com\/Site\/#primaryimage\",\"inLanguage\":\"es\",\"url\":\"http:\/\/www.innovacomseguros.com\/Site\/wp-content\/uploads\/2019\/04\/umbrella-300x300.png\",\"contentUrl\":\"http:\/\/www.innovacomseguros.com\/Site\/wp-content\/uploads\/2019\/04\/umbrella-300x300.png\"},{\"@type\":\"WebPage\",\"@id\":\"https:\/\/www.innovacomseguros.com\/Site\/#webpage\",\"url\":\"https:\/\/www.innovacomseguros.com\/Site\/\",\"name\":\"Innovacom Seguros - P\\u00f3liza Minero Ambiental\",\"isPartOf\":{\"@id\":\"https:\/\/www.innovacomseguros.com\/Site\/#website\"},\"primaryImageOfPage\":{\"@id\":\"https:\/\/www.innovacomseguros.com\/Site\/#primaryimage\"},\"datePublished\":\"2018-10-26T03:38:32+00:00\",\"dateModified\":\"2021-05-29T15:06:48+00:00\",\"description\":\"Somos una empresa asesora y consultora dedicada a la intermediaci\\u00f3n de seguros, buscando ofrecer la mejor alternativa de protecci\\u00f3n para su vida y patrimonio. Nuestras actividades est\\u00e1n orientadas a brindar satisfacci\\u00f3n a nuestros clientes, enmarcados en principios, valores \\u00e9ticos y buenas costumbres comerciales.\",\"breadcrumb\":{\"@id\":\"https:\/\/www.innovacomseguros.com\/Site\/#breadcrumb\"},\"inLanguage\":\"es\",\"potentialAction\":[{\"@type\":\"ReadAction\",\"target\":[\"https:\/\/www.innovacomseguros.com\/Site\/\"]}]},{\"@type\":\"BreadcrumbList\",\"@id\":\"https:\/\/www.innovacomseguros.com\/Site\/#breadcrumb\",\"itemListElement\":[{\"@type\":\"ListItem\",\"position\":1,\"item\":{\"@type\":\"WebPage\",\"@id\":\"https:\/\/www.innovacomseguros.com\/Site\/en\/home-eng\/\",\"url\":\"https:\/\/www.innovacomseguros.com\/Site\/en\/home-eng\/\",\"name\":\"Portada\"}},{\"@type\":\"ListItem\",\"position\":2,\"item\":{\"@id\":\"https:\/\/www.innovacomseguros.com\/Site\/#webpage\"}}]}]}<\/script>\n<!-- \/ Yoast SEO plugin. -->","_links":{"self":[{"href":"https:\/\/www.innovacomseguros.com\/Site\/wp-json\/wp\/v2\/pages\/122"}],"collection":[{"href":"https:\/\/www.innovacomseguros.com\/Site\/wp-json\/wp\/v2\/pages"}],"about":[{"href":"https:\/\/www.innovacomseguros.com\/Site\/wp-json\/wp\/v2\/types\/page"}],"author":[{"embeddable":true,"href":"https:\/\/www.innovacomseguros.com\/Site\/wp-json\/wp\/v2\/users\/3"}],"replies":[{"embeddable":true,"href":"https:\/\/www.innovacomseguros.com\/Site\/wp-json\/wp\/v2\/comments?post=122"}],"version-history":[{"count":215,"href":"https:\/\/www.innovacomseguros.com\/Site\/wp-json\/wp\/v2\/pages\/122\/revisions"}],"predecessor-version":[{"id":1199,"href":"https:\/\/www.innovacomseguros.com\/Site\/wp-json\/wp\/v2\/pages\/122\/revisions\/1199"}],"wp:attachment":[{"href":"https:\/\/www.innovacomseguros.com\/Site\/wp-json\/wp\/v2\/media?parent=122"}],"curies":[{"name":"wp","href":"https:\/\/api.w.org\/{rel}","templated":true}]}}